{"id":7622,"date":"2022-06-06T11:52:57","date_gmt":"2022-06-06T11:52:57","guid":{"rendered":"https:\/\/test.analyzer.llc\/equipo\/"},"modified":"2025-09-10T06:18:41","modified_gmt":"2025-09-10T06:18:41","slug":"equipo","status":"publish","type":"page","link":"https:\/\/analyzerconsulting.com\/es\/equipo\/","title":{"rendered":"Equipo"},"content":{"rendered":"\t\t<div data-elementor-type=\"wp-page\" data-elementor-id=\"7622\" class=\"elementor elementor-7622 elementor-2242\">\n\t\t\t\t\t\t<section class=\"elementor-section elementor-top-section elementor-element elementor-element-03e4db2 elementor-section-stretched elementor-section-full_width elementor-section-height-default elementor-section-height-default\" data-id=\"03e4db2\" data-element_type=\"section\" data-settings=\"{&quot;stretch_section&quot;:&quot;section-stretched&quot;,&quot;background_background&quot;:&quot;classic&quot;}\">\n\t\t\t\t\t\t\t<div class=\"elementor-background-overlay\"><\/div>\n\t\t\t\t\t\t\t<div class=\"elementor-container elementor-column-gap-default\">\n\t\t\t\t\t<div class=\"elementor-column elementor-col-100 elementor-top-column elementor-element elementor-element-d6674a9\" data-id=\"d6674a9\" data-element_type=\"column\">\n\t\t\t<div class=\"elementor-widget-wrap elementor-element-populated\">\n\t\t\t\t\t\t<div class=\"elementor-element elementor-element-52f7510 elementor-hidden-desktop elementor-hidden-tablet elementor-hidden-mobile elementor-widget elementor-widget-heading\" data-id=\"52f7510\" data-element_type=\"widget\" data-widget_type=\"heading.default\">\n\t\t\t\t<div class=\"elementor-widget-container\">\n\t\t\t\t\t<div class=\"elementor-heading-title elementor-size-default\">Nuestro Equipo<\/div>\t\t\t\t<\/div>\n\t\t\t\t<\/div>\n\t\t\t\t<div class=\"elementor-element elementor-element-c14a388 elementor-widget elementor-widget-heading\" data-id=\"c14a388\" data-element_type=\"widget\" data-widget_type=\"heading.default\">\n\t\t\t\t<div class=\"elementor-widget-container\">\n\t\t\t\t\t<h2 class=\"elementor-heading-title elementor-size-default\">Conoce al equipo directivo<\/h2>\t\t\t\t<\/div>\n\t\t\t\t<\/div>\n\t\t\t\t<div class=\"elementor-element elementor-element-84d547e elementor-widget elementor-widget-ce-staff-carousel\" data-id=\"84d547e\" data-element_type=\"widget\" id=\"team-image\" data-widget_type=\"ce-staff-carousel.default\">\n\t\t\t\t<div class=\"elementor-widget-container\">\n\t\t\t\t\t\t\t\t\t<div class=\"ce-staff-carousel ce-staff-style-bygge\" data-columns=\"4\" data-autoplay=\"1\" data-slide-by=\"1\" data-loop=\"1\" data-gutter=\"20\" data-center=\"0\" data-mode=\"carousel\" data-mouse-drag=\"1\" data-edge-padding-side=\"0\" data-carousel-controls=\"0\" data-edge-padding=\"50\">\n\n            \t\t\t\t\t\t                        <div id=\"cl-staff-item-8814\" class=\"ce-staff-item\" data-delay=\"0\">\t\r\n\t<div class=\"ce-staff\">\t\r\n\t\t<div class=\"team-thumbnail\">\t\t\t\r\n\t\t\t<img decoding=\"async\" class=\"placeholder-img\" src=\"https:\/\/analyzerconsulting.com\/wp-content\/themes\/bygge\/img\/placeholder-img.png\" alt=\"Placeholder Image\" \/>\t\t<\/div><!-- .team-thumbnail -->\t\t\r\n\t\t<div class=\"team-content\">\r\n\t\t\t<h4 class=\"team-name\">\r\n\t\t\t\t<a href=\"#\">Tarek Al Masri<\/a>\t\t\t\t\r\n\t\t\t<\/h4>\r\n\t\t\t<div class=\"team-position\">Gerente de pais | Siria<\/div>\t\t\t\r\n\t\t    <div class=\"team-socials\">\r\n\t            <a href=\"https:\/\/www.linkedin.com\/in\/tarek-almasri-2b392691\/\"><i class=\"cl-icon-linkedin\"><\/i><\/a>\t\t\t<\/div>\r\n\t\t<\/div><!-- team-content -->\r\n\t\t\t        \t    \r\n\t<\/div>\r\n<\/div>                    \t\t\t\t\t\t                        <div id=\"cl-staff-item-7498\" class=\"ce-staff-item\" data-delay=\"0\">\t\r\n\t<div class=\"ce-staff\">\t\r\n\t\t<div class=\"team-thumbnail\">\t\t\t\r\n\t\t\t<img decoding=\"async\" class=\"placeholder-img\" src=\"https:\/\/analyzerconsulting.com\/wp-content\/themes\/bygge\/img\/placeholder-img.png\" alt=\"Placeholder Image\" \/>\t\t<\/div><!-- .team-thumbnail -->\t\t\r\n\t\t<div class=\"team-content\">\r\n\t\t\t<h4 class=\"team-name\">\r\n\t\t\t\t<a href=\"#\">Ross Carlyle<\/a>\t\t\t\t\r\n\t\t\t<\/h4>\r\n\t\t\t<div class=\"team-position\">Director y Experto<\/div>\t\t\t\r\n\t\t    <div class=\"team-socials\">\r\n\t            <a href=\"https:\/\/www.linkedin.com\/in\/ross-carlyle-8b52b727\/\"><i class=\"cl-icon-linkedin\"><\/i><\/a>\t\t\t<\/div>\r\n\t\t<\/div><!-- team-content -->\r\n\t\t\t        \t    \r\n\t<\/div>\r\n<\/div>                    \t\t\t\t\t\t                        <div id=\"cl-staff-item-7493\" class=\"ce-staff-item\" data-delay=\"0\">\t\r\n\t<div class=\"ce-staff\">\t\r\n\t\t<div class=\"team-thumbnail\">\t\t\t\r\n\t\t\t<img decoding=\"async\" class=\"placeholder-img\" src=\"https:\/\/analyzerconsulting.com\/wp-content\/themes\/bygge\/img\/placeholder-img.png\" alt=\"Placeholder Image\" \/>\t\t<\/div><!-- .team-thumbnail -->\t\t\r\n\t\t<div class=\"team-content\">\r\n\t\t\t<h4 class=\"team-name\">\r\n\t\t\t\t<a href=\"#\">Amr Effat<\/a>\t\t\t\t\r\n\t\t\t<\/h4>\r\n\t\t\t<div class=\"team-position\">Gerente de Pa\u00eds en Arabia Saudita (KSA)<\/div>\t\t\t\r\n\t\t    <div class=\"team-socials\">\r\n\t            <a href=\"https:\/\/www.linkedin.com\/in\/amr-effat-5a48aa15\/\"><i class=\"cl-icon-linkedin\"><\/i><\/a>\t\t\t<\/div>\r\n\t\t<\/div><!-- team-content -->\r\n\t\t\t        \t    \r\n\t<\/div>\r\n<\/div>                    \t\t\t\t\t\t                        <div id=\"cl-staff-item-7489\" class=\"ce-staff-item\" data-delay=\"0\">\t\r\n\t<div class=\"ce-staff\">\t\r\n\t\t<div class=\"team-thumbnail\">\t\t\t\r\n\t\t\t<img decoding=\"async\" class=\"placeholder-img\" src=\"https:\/\/analyzerconsulting.com\/wp-content\/themes\/bygge\/img\/placeholder-img.png\" alt=\"Placeholder Image\" \/>\t\t<\/div><!-- .team-thumbnail -->\t\t\r\n\t\t<div class=\"team-content\">\r\n\t\t\t<h4 class=\"team-name\">\r\n\t\t\t\t<a href=\"#\">Stuart Baird<\/a>\t\t\t\t\r\n\t\t\t<\/h4>\r\n\t\t\t<div class=\"team-position\">Director de Operaciones (COO)<\/div>\t\t\t\r\n\t\t    <div class=\"team-socials\">\r\n\t            <a href=\"https:\/\/www.linkedin.com\/in\/stuartwbaird\/\"><i class=\"cl-icon-linkedin\"><\/i><\/a>\t\t\t<\/div>\r\n\t\t<\/div><!-- team-content -->\r\n\t\t\t        \t    \r\n\t<\/div>\r\n<\/div>                    \t\t\t\t\t\t                        <div id=\"cl-staff-item-7485\" class=\"ce-staff-item\" data-delay=\"0\">\t\r\n\t<div class=\"ce-staff\">\t\r\n\t\t<div class=\"team-thumbnail\">\t\t\t\r\n\t\t\t<img decoding=\"async\" class=\"placeholder-img\" src=\"https:\/\/analyzerconsulting.com\/wp-content\/themes\/bygge\/img\/placeholder-img.png\" alt=\"Placeholder Image\" \/>\t\t<\/div><!-- .team-thumbnail -->\t\t\r\n\t\t<div class=\"team-content\">\r\n\t\t\t<h4 class=\"team-name\">\r\n\t\t\t\t<a href=\"#\">Paul Flood<\/a>\t\t\t\t\r\n\t\t\t<\/h4>\r\n\t\t\t<div class=\"team-position\">Director \u2013 Contratos y Comercial<\/div>\t\t\t\r\n\t\t    <div class=\"team-socials\">\r\n\t            <a href=\"https:\/\/www.linkedin.com\/in\/paul-flood-28591924\/\"><i class=\"cl-icon-linkedin\"><\/i><\/a>\t\t\t<\/div>\r\n\t\t<\/div><!-- team-content -->\r\n\t\t\t        \t    \r\n\t<\/div>\r\n<\/div>                    \t\t\t\t\t\t                        <div id=\"cl-staff-item-7494\" class=\"ce-staff-item\" data-delay=\"0\">\t\r\n\t<div class=\"ce-staff\">\t\r\n\t\t<div class=\"team-thumbnail\">\t\t\t\r\n\t\t\t<img decoding=\"async\" class=\"placeholder-img\" src=\"https:\/\/analyzerconsulting.com\/wp-content\/themes\/bygge\/img\/placeholder-img.png\" alt=\"Placeholder Image\" \/>\t\t<\/div><!-- .team-thumbnail -->\t\t\r\n\t\t<div class=\"team-content\">\r\n\t\t\t<h4 class=\"team-name\">\r\n\t\t\t\t<a href=\"#\">Nour Tarabishi<\/a>\t\t\t\t\r\n\t\t\t<\/h4>\r\n\t\t\t<div class=\"team-position\">Directora de Calidad<\/div>\t\t\t\r\n\t\t    <div class=\"team-socials\">\r\n\t            <a href=\"https:\/\/www.linkedin.com\/in\/nour-tarabishi\/\"><i class=\"cl-icon-linkedin\"><\/i><\/a>\t\t\t<\/div>\r\n\t\t<\/div><!-- team-content -->\r\n\t\t\t        \t    \r\n\t<\/div>\r\n<\/div>                    \t\t\t\t\t\t                        <div id=\"cl-staff-item-7482\" class=\"ce-staff-item\" data-delay=\"0\">\t\r\n\t<div class=\"ce-staff\">\t\r\n\t\t<div class=\"team-thumbnail\">\t\t\t\r\n\t\t\t<img decoding=\"async\" class=\"placeholder-img\" src=\"https:\/\/analyzerconsulting.com\/wp-content\/themes\/bygge\/img\/placeholder-img.png\" alt=\"Placeholder Image\" \/>\t\t<\/div><!-- .team-thumbnail -->\t\t\r\n\t\t<div class=\"team-content\">\r\n\t\t\t<h4 class=\"team-name\">\r\n\t\t\t\t<a href=\"#\">Mohamad Daaboul<\/a>\t\t\t\t\r\n\t\t\t<\/h4>\r\n\t\t\t<div class=\"team-position\">Director Ejecutivo (CEO)<\/div>\t\t\t\r\n\t\t    <div class=\"team-socials\">\r\n\t            <a href=\"https:\/\/www.linkedin.com\/in\/mohamad-daaboul-11131029\/\"><i class=\"cl-icon-linkedin\"><\/i><\/a>\t\t\t<\/div>\r\n\t\t<\/div><!-- team-content -->\r\n\t\t\t        \t    \r\n\t<\/div>\r\n<\/div>                                                    \t\t\t\n\t\t<\/div>\n\t\t\t\t\t\t<\/div>\n\t\t\t\t<\/div>\n\t\t\t\t\t<\/div>\n\t\t<\/div>\n\t\t\t\t\t<\/div>\n\t\t<\/section>\n\t\t\t\t<section class=\"elementor-section elementor-top-section elementor-element elementor-element-243d08e elementor-section-height-min-height elementor-section-stretched elementor-section-items-top elementor-section-boxed elementor-section-height-default\" data-id=\"243d08e\" data-element_type=\"section\" data-settings=\"{&quot;stretch_section&quot;:&quot;section-stretched&quot;}\">\n\t\t\t\t\t\t<div class=\"elementor-container elementor-column-gap-default\">\n\t\t\t\t\t<div class=\"elementor-column elementor-col-50 elementor-top-column elementor-element elementor-element-71a5c91\" data-id=\"71a5c91\" data-element_type=\"column\">\n\t\t\t<div class=\"elementor-widget-wrap elementor-element-populated\">\n\t\t\t\t\t\t<div class=\"elementor-element elementor-element-37ed619 elementor-widget elementor-widget-heading\" data-id=\"37ed619\" data-element_type=\"widget\" data-widget_type=\"heading.default\">\n\t\t\t\t<div class=\"elementor-widget-container\">\n\t\t\t\t\t<h2 class=\"elementor-heading-title elementor-size-default\">\u00danete a nosotros<\/h2>\t\t\t\t<\/div>\n\t\t\t\t<\/div>\n\t\t\t\t<div class=\"elementor-element elementor-element-39a8f75 elementor-widget elementor-widget-text-editor\" data-id=\"39a8f75\" data-element_type=\"widget\" data-widget_type=\"text-editor.default\">\n\t\t\t\t<div class=\"elementor-widget-container\">\n\t\t\t\t\t\t\t\t\t<p>Analyzer est\u00e1 creciendo, y tambi\u00e9n nuestra necesidad de personas excepcionales. Si te apasiona la resoluci\u00f3n de conflictos, el asesoramiento en proyectos o el an\u00e1lisis forense, nos encantar\u00eda conocerte. <\/p>\t\t\t\t\t\t\t\t<\/div>\n\t\t\t\t<\/div>\n\t\t\t\t<div class=\"elementor-element elementor-element-498f072 elementor-widget elementor-widget-image\" data-id=\"498f072\" data-element_type=\"widget\" data-widget_type=\"image.default\">\n\t\t\t\t<div class=\"elementor-widget-container\">\n\t\t\t\t\t\t\t\t\t\t\t\t\t\t\t<img decoding=\"async\" src=\"https:\/\/analyzerconsulting.com\/wp-content\/uploads\/elementor\/thumbs\/Desk-1-800x500-1-r4g068aqjy1rijov5sjuw4xj7mtvyjy6dp6o7xze6k.jpg\" title=\"Escritorio-1-800&#215;500\" alt=\"Escritorio-1-800x500\" loading=\"lazy\" \/>\t\t\t\t\t\t\t\t\t\t\t\t\t\t\t<\/div>\n\t\t\t\t<\/div>\n\t\t\t\t\t<\/div>\n\t\t<\/div>\n\t\t\t\t<div class=\"elementor-column elementor-col-50 elementor-top-column elementor-element elementor-element-8aa41d9\" data-id=\"8aa41d9\" data-element_type=\"column\">\n\t\t\t<div class=\"elementor-widget-wrap elementor-element-populated\">\n\t\t\t\t\t\t<div class=\"elementor-element elementor-element-2ca6921 elementor-widget__width-inherit elementor-widget elementor-widget-shortcode\" data-id=\"2ca6921\" data-element_type=\"widget\" data-widget_type=\"shortcode.default\">\n\t\t\t\t<div class=\"elementor-widget-container\">\n\t\t\t\t\t\t\t<div class=\"elementor-shortcode\">\n<div class=\"wpcf7 no-js\" id=\"wpcf7-f7809-o1\" lang=\"en-US\" dir=\"ltr\" data-wpcf7-id=\"7809\">\n<div class=\"screen-reader-response\"><p role=\"status\" aria-live=\"polite\" aria-atomic=\"true\"><\/p> <ul><\/ul><\/div>\n<form action=\"\/es\/wp-json\/wp\/v2\/pages\/7622#wpcf7-f7809-o1\" method=\"post\" class=\"wpcf7-form init\" aria-label=\"Contact form\" enctype=\"multipart\/form-data\" novalidate=\"novalidate\" data-status=\"init\">\n<fieldset class=\"hidden-fields-container\"><input type=\"hidden\" name=\"_wpcf7\" value=\"7809\" \/><input type=\"hidden\" name=\"_wpcf7_version\" value=\"6.1.1\" \/><input type=\"hidden\" name=\"_wpcf7_locale\" value=\"en_US\" \/><input type=\"hidden\" name=\"_wpcf7_unit_tag\" value=\"wpcf7-f7809-o1\" \/><input type=\"hidden\" name=\"_wpcf7_container_post\" value=\"0\" \/><input type=\"hidden\" name=\"_wpcf7_posted_data_hash\" value=\"\" \/><input type=\"hidden\" name=\"_wpcf7_recaptcha_response\" value=\"\" \/>\n<\/fieldset>\n<div class=\"ce-name\">\n\t<p><span class=\"wpcf7-form-control-wrap\" data-name=\"your-name\"><input size=\"40\" maxlength=\"400\" class=\"wpcf7-form-control wpcf7-text wpcf7-validates-as-required\" aria-required=\"true\" aria-invalid=\"false\" placeholder=\"Nombre completo\" value=\"\" type=\"text\" name=\"your-name\" \/><\/span>\n\t<\/p>\n<\/div>\n<div class=\"ce-email\">\n\t<p><span class=\"wpcf7-form-control-wrap\" data-name=\"your-email\"><input size=\"40\" maxlength=\"400\" class=\"wpcf7-form-control wpcf7-email wpcf7-validates-as-required wpcf7-text wpcf7-validates-as-email\" aria-required=\"true\" aria-invalid=\"false\" placeholder=\"Correo electr\u00f3nico\" value=\"\" type=\"email\" name=\"your-email\" \/><\/span>\n\t<\/p>\n<\/div>\n<div class=\"ce-name\">\n\t<p><span class=\"wpcf7-form-control-wrap\" data-name=\"tel\"><input size=\"40\" maxlength=\"400\" class=\"wpcf7-form-control wpcf7-tel wpcf7-validates-as-required wpcf7-text wpcf7-validates-as-tel\" aria-required=\"true\" aria-invalid=\"false\" placeholder=\"N\u00famero de tel\u00e9fono\" value=\"\" type=\"tel\" name=\"tel\" \/><\/span>\n\t<\/p>\n<\/div>\n<div class=\"ce-message\">\n\t<p><span class=\"wpcf7-form-control-wrap\" data-name=\"cover-letter\"><textarea cols=\"40\" rows=\"10\" maxlength=\"2000\" class=\"wpcf7-form-control wpcf7-textarea wpcf7-validates-as-required\" aria-required=\"true\" aria-invalid=\"false\" placeholder=\"Carta de presentaci\u00f3n\" name=\"cover-letter\"><\/textarea><\/span>\n\t<\/p>\n<\/div>\n<div class=\"fileupload\">\n\t<p>Archivo CV <span class=\"wpcf7-form-control-wrap\" data-name=\"cv\"><input size=\"40\" class=\"wpcf7-form-control wpcf7-file wpcf7-validates-as-required\" accept=\".pdf\" aria-required=\"true\" aria-invalid=\"false\" type=\"file\" name=\"cv\" \/><\/span><br \/>\n<span>(S\u00f3lo formato PDF \/ 10Mb m\u00e1x.)<\/span>\n\t<\/p>\n<\/div>\n<div class=\"ce-submit\">\n\t<p><input class=\"wpcf7-form-control wpcf7-submit has-spinner\" type=\"submit\" value=\"Entregar\" \/>\n\t<\/p>\n<\/div><div class=\"wpcf7-response-output\" aria-hidden=\"true\"><\/div>\n<\/form>\n<\/div>\n<\/div>\n\t\t\t\t\t\t<\/div>\n\t\t\t\t<\/div>\n\t\t\t\t\t<\/div>\n\t\t<\/div>\n\t\t\t\t\t<\/div>\n\t\t<\/section>\n\t\t\t\t<\/div>\n\t\t","protected":false},"excerpt":{"rendered":"<p>Nuestro Equipo Conoce al equipo directivo Adrian Holman Director regional [&hellip;]<\/p>\n","protected":false},"author":1,"featured_media":7621,"parent":0,"menu_order":0,"comment_status":"closed","ping_status":"closed","template":"","meta":{"footnotes":""},"class_list":["post-7622","page","type-page","status-publish","has-post-thumbnail","hentry"],"_links":{"self":[{"href":"https:\/\/analyzerconsulting.com\/es\/wp-json\/wp\/v2\/pages\/7622","targetHints":{"allow":["GET"]}}],"collection":[{"href":"https:\/\/analyzerconsulting.com\/es\/wp-json\/wp\/v2\/pages"}],"about":[{"href":"https:\/\/analyzerconsulting.com\/es\/wp-json\/wp\/v2\/types\/page"}],"author":[{"embeddable":true,"href":"https:\/\/analyzerconsulting.com\/es\/wp-json\/wp\/v2\/users\/1"}],"replies":[{"embeddable":true,"href":"https:\/\/analyzerconsulting.com\/es\/wp-json\/wp\/v2\/comments?post=7622"}],"version-history":[{"count":11,"href":"https:\/\/analyzerconsulting.com\/es\/wp-json\/wp\/v2\/pages\/7622\/revisions"}],"predecessor-version":[{"id":7887,"href":"https:\/\/analyzerconsulting.com\/es\/wp-json\/wp\/v2\/pages\/7622\/revisions\/7887"}],"wp:featuredmedia":[{"embeddable":true,"href":"https:\/\/analyzerconsulting.com\/es\/wp-json\/wp\/v2\/media\/7621"}],"wp:attachment":[{"href":"https:\/\/analyzerconsulting.com\/es\/wp-json\/wp\/v2\/media?parent=7622"}],"curies":[{"name":"wp","href":"https:\/\/api.w.org\/{rel}","templated":true}]}}