{"id":7844,"date":"2021-06-18T10:22:49","date_gmt":"2021-06-18T10:22:49","guid":{"rendered":"https:\/\/analyzerconsulting.com\/condiciones-generales\/"},"modified":"2021-06-18T10:22:49","modified_gmt":"2021-06-18T10:22:49","slug":"condiciones-generales","status":"publish","type":"page","link":"https:\/\/analyzerconsulting.com\/es\/condiciones-generales\/","title":{"rendered":"Condiciones generales"},"content":{"rendered":"<p>Bienvenido a analyzer consulting<br \/>\nEstos t\u00e9rminos y condiciones describen las normas y reglamentos de uso del Sitio Web de analyzer consulting.<\/p>\n<p>Al acceder a este sitio web asumimos que aceptas estos t\u00e9rminos y condiciones en su totalidad. No sigas utilizando el sitio web de analyzer consulting<br \/>\nsi no aceptas todos los t\u00e9rminos y condiciones establecidos en esta p\u00e1gina.<br \/>\nLa siguiente terminolog\u00eda se aplica a estos T\u00e9rminos y Condiciones, Declaraci\u00f3n de Privacidad y Aviso de Exenci\u00f3n de Responsabilidad<br \/>\ny a cualquiera o todos los Acuerdos: \u00abCliente\u00bb, \u00abT\u00fa\u00bb y \u00abTu\u00bb se refieren a ti, la persona que accede a este sitio web<br \/>\ny acepta los t\u00e9rminos y condiciones de la Empresa. \u00abLa Empresa\u00bb, \u00abNosotros\u00bb, \u00abNos\u00bb, \u00abNuestro\u00bb y \u00abNos\u00bb, se refiere<br \/>\na nuestra Empresa. \u00abParte\u00bb, \u00abPartes\u00bb o \u00abNosotros\u00bb, se refiere tanto al Cliente como a nosotros mismos, o bien al Cliente<br \/>\no a nosotros mismos. Todos los t\u00e9rminos se refieren a la oferta, aceptaci\u00f3n y contraprestaci\u00f3n de pago necesarias para emprender<br \/>\nel proceso de nuestra asistencia al Cliente de la forma m\u00e1s adecuada, ya sea mediante reuniones formales<br \/>\nde duraci\u00f3n determinada, o cualquier otro medio, con el fin expreso de satisfacer las necesidades del Cliente con respecto<br \/>\na la prestaci\u00f3n de los servicios\/productos indicados de la Empresa, de conformidad con y con sujeci\u00f3n a la legislaci\u00f3n vigente de . Cualquier uso de la terminolog\u00eda anterior u otras palabras en singular, plural, may\u00fasculas y\/o \u00e9l\/ella o ellos, se consideran intercambiables y, por tanto, referidos a lo mismo.<br \/>\nCookies<br \/>\nEmpleamos el uso de cookies. Al utilizar el sitio web de analyzer consulting, aceptas el uso de cookies<br \/>\nde acuerdo con la pol\u00edtica de privacidad de analyzer consulting.La mayor\u00eda de los sitios web interactivos actuales utilizan cookies para poder recuperar los datos del usuario en cada visita. Las cookies se utilizan en algunas \u00e1reas de nuestro sitio para permitir la funcionalidad de esta \u00e1rea y la facilidad de uso para las personas que nos visitan. Algunos de nuestros socios afiliados \/ publicitarios tambi\u00e9n pueden utilizar cookies.<br \/>\nLicencia<br \/>\nA menos que se indique lo contrario, analyzer consulting y\/o sus licenciantes poseen los derechos de propiedad intelectual de todo el material de analyzer consulting. Todos los derechos de propiedad intelectual est\u00e1n reservados.          Puedes ver y\/o imprimir p\u00e1ginas de <a href=\"https:\/\/analyzerconsulting.com\/es\/\">http:\/\/analyzerconsulting.com\/<\/a> para tu uso personal sujeto a las restricciones establecidas en estos t\u00e9rminos y condiciones.<br \/>\nNo debes:<br \/>\nVolver a publicar material de <a href=\"https:\/\/analyzerconsulting.com\/es\/\">http:\/\/analyzerconsulting.com\/<\/a><br \/>\nVender, alquilar o sublicenciar material de <a href=\"https:\/\/analyzerconsulting.com\/es\/\">http:\/\/analyzerconsulting.com\/<\/a><br \/>\nReproducir, duplicar o copiar material de <a href=\"https:\/\/analyzerconsulting.com\/es\/\">http:\/\/analyzerconsulting.com\/<\/a><br \/>\nRedistribuir contenido de analyzer consulting (a menos que el contenido est\u00e9 espec\u00edficamente hecho para su redistribuci\u00f3n).<\/p>\n<p>Hiperv\u00ednculos a nuestro Contenido<\/p>\n<p>Las siguientes organizaciones pueden enlazar con nuestro sitio Web sin aprobaci\u00f3n previa por escrito:<br \/>\nAgencias gubernamentales;<br \/>\nMotores de b\u00fasqueda;<br \/>\nOrganizaciones de noticias;<br \/>\nLos distribuidores de directorios en l\u00ednea, cuando nos incluyan en el directorio, pueden enlazar con nuestro sitio Web de la misma manera que hiperenlazan con los sitios Web de otras empresas incluidas en el directorio; y las Empresas Acreditadas por el Sistema, excepto las organizaciones sin \u00e1nimo de lucro solicitantes, los centros comerciales ben\u00e9ficos y los grupos de recaudaci\u00f3n de fondos ben\u00e9ficos, que no pueden hiperenlazar con nuestro sitio Web.<\/p>\n<p>Estas organizaciones pueden enlazar con nuestra p\u00e1gina de inicio, con publicaciones o con otra informaci\u00f3n del sitio web siempre que el enlace (a) no sea en modo alguno enga\u00f1oso; (b) no implique falsamente el patrocinio, respaldo o aprobaci\u00f3n de la parte enlazante y sus productos o servicios; y (c) encaje en el contexto del sitio de la parte enlazante.<br \/>\nPodemos considerar y aprobar, a nuestra entera discreci\u00f3n, otras solicitudes de enlace de los siguientes tipos de organizaciones:<br \/>\nfuentes de informaci\u00f3n sobre consumidores y\/o empresas com\u00fanmente conocidas, como C\u00e1maras de Comercio, American<br \/>\nAutomobile Association, AARP y Consumers Union; sitios comunitarios dot.com; asociaciones u otros grupos que representen a organizaciones ben\u00e9ficas, incluidos sitios de donaciones ben\u00e9ficas, distribuidores de directorios online; portales de Internet; empresas de contabilidad, derecho y consultor\u00eda cuyos clientes principales sean empresas; e instituciones educativas y asociaciones comerciales.   <\/p>\n<p>Aprobaremos las solicitudes de enlace de estas organizaciones si determinamos que (a) el enlace no se reflejar\u00e1 desfavorablemente en nosotros o en nuestros negocios acreditados (por ejemplo, no se permitir\u00e1 enlazar a asociaciones comerciales u otras organizaciones que representen tipos de negocio inherentemente sospechosos, como oportunidades de trabajo en casa); (b) la organizaci\u00f3n no tiene un historial insatisfactorio con nosotros; (c) el beneficio para nosotros de la visibilidad asociada con el hiperenlace supera la ausencia de; y (d) cuando el enlace se encuentre en el contexto de informaci\u00f3n general sobre recursos o sea coherente con el contenido editorial de un bolet\u00edn o producto similar que promueva la misi\u00f3n de la organizaci\u00f3n.    <\/p>\n<p>Estas organizaciones pueden enlazar a nuestra p\u00e1gina de inicio, a publicaciones o a otra informaci\u00f3n del sitio Web siempre que el enlace (a) no sea en modo alguno enga\u00f1oso; (b) no implique falsamente el patrocinio, respaldo o aprobaci\u00f3n de la parte enlazante y sus productos o servicios; y (c) encaje en el contexto del sitio de la parte enlazante.   <\/p>\n<p>Si te encuentras entre las organizaciones enumeradas en el apartado 2 anterior y est\u00e1s interesado en enlazar con nuestro sitio Web, debes notific\u00e1rnoslo enviando un correo electr\u00f3nico a info@analyzerconsulting.com.<br \/>\n. Incluye tu nombre, el nombre de tu organizaci\u00f3n, informaci\u00f3n de contacto (como un n\u00famero de tel\u00e9fono y\/o una direcci\u00f3n de correo electr\u00f3nico), as\u00ed como la URL de tu sitio, una lista de las URL desde las que pretendes enlazar con nuestro sitio Web y una lista de la(s) URL(s) de nuestro sitio a las que te gustar\u00eda enlazar. La respuesta tardar\u00e1 entre 2 y 3 semanas. <\/p>\n<p>Las organizaciones autorizadas pueden establecer hiperenlaces a nuestro sitio Web de la siguiente manera:<br \/>\nMediante el uso de nuestro nombre corporativo; o Mediante el uso del localizador uniforme de recursos (direcci\u00f3n Web) al que se enlaza; o Mediante el uso de cualquier otra descripci\u00f3n de nuestro sitio Web o del material al que se enlaza que tenga sentido dentro del contexto y el formato del contenido del sitio de la parte que establece el enlace.<br \/>\nNo se permitir\u00e1 el uso del logotipo u otras ilustraciones de analyzer consulting para enlazar sin un acuerdo de licencia de marca comercial.<br \/>\nIframes<br \/>\nSin aprobaci\u00f3n previa y permiso expreso por escrito, no puedes crear marcos alrededor de nuestras p\u00e1ginas Web ni utilizar otras t\u00e9cnicas que alteren de alg\u00fan modo la presentaci\u00f3n visual o la apariencia de nuestro sitio Web.<br \/>\nReserva de derechos<br \/>\nNos reservamos el derecho, en cualquier momento y a su entera discreci\u00f3n, de solicitarte que elimines todos los enlaces o cualquier enlace concreto a nuestro sitio Web. Aceptas eliminar inmediatamente todos los enlaces a nuestro sitio Web cuando se te solicite. Tambi\u00e9n nos reservamos el derecho a modificar estas condiciones y su pol\u00edtica de enlaces en cualquier momento. Al continuar enlazando con nuestro sitio Web, aceptas estar vinculado a estos t\u00e9rminos y condiciones de enlace y cumplirlos.<br \/>\nEliminaci\u00f3n de enlaces de nuestro sitio Web<br \/>\nSi encuentras que alg\u00fan enlace de nuestro sitio Web o alg\u00fan sitio Web enlazado es objetable por cualquier motivo, puedes ponerte en contacto con nosotros al respecto. Estudiaremos las solicitudes de eliminaci\u00f3n de enlaces, pero no tendremos obligaci\u00f3n de hacerlo ni de responderte directamente.<br \/>\nAunque nos esforzamos por asegurar que la informaci\u00f3n de este sitio web es correcta, no garantizamos que sea completa ni exacta; tampoco nos comprometemos a asegurar que el sitio web siga estando disponible ni a que el material del sitio web se mantenga actualizado.<br \/>\nResponsabilidad por el contenido<br \/>\nNo tendremos responsabilidad alguna por ning\u00fan contenido que aparezca en tu sitio web. Aceptas indemnizarnos y defendernos de todas las reclamaciones derivadas de tu sitio Web o basadas en \u00e9l. No podr\u00e1 aparecer ning\u00fan enlace(s) en ninguna p\u00e1gina de tu sitio Web ni en ning\u00fan contexto que contenga contenidos o materiales que puedan interpretarse como difamatorios, obscenos o delictivos, o que infrinjan, violen de otro modo o propugnen la infracci\u00f3n u otra violaci\u00f3n de los derechos de terceros.<br \/>\nDescargo de responsabilidad<br \/>\nEn la medida m\u00e1xima permitida por la legislaci\u00f3n aplicable, excluimos todas las representaciones, garant\u00edas y condiciones relativas a nuestro sitio web y al uso de este sitio web (incluyendo, sin limitaci\u00f3n, cualquier garant\u00eda impl\u00edcita por ley con respecto a la calidad satisfactoria, la adecuaci\u00f3n al prop\u00f3sito y\/o el uso de cuidado y habilidad razonables). Nada de lo contenido en esta cl\u00e1usula de exenci\u00f3n de responsabilidad:       <\/p>\n<p>limitar o excluir nuestra o tu responsabilidad por muerte o da\u00f1os personales resultantes de negligencia;<br \/>\nlimitar o excluir nuestra o tu responsabilidad por fraude o tergiversaci\u00f3n fraudulenta;<br \/>\nlimitar cualquiera de nuestras o vuestras responsabilidades de cualquier forma que no est\u00e9 permitida por la legislaci\u00f3n aplicable; o<br \/>\nexcluir cualquiera de nuestras o vuestras responsabilidades que no puedan ser excluidas por la legislaci\u00f3n aplicable.<\/p>\n<p>Las limitaciones y exclusiones de responsabilidad establecidas en esta Secci\u00f3n y en otras partes de esta cl\u00e1usula de exenci\u00f3n de responsabilidad: (a) est\u00e1n sujetas al p\u00e1rrafo anterior; y (b) rigen todas las responsabilidades que surjan en virtud de la cl\u00e1usula de exenci\u00f3n de responsabilidad o en relaci\u00f3n con el objeto de esta cl\u00e1usula de exenci\u00f3n de responsabilidad, incluidas las responsabilidades contractuales, extracontractuales (incluida la negligencia) y por incumplimiento de obligaciones legales.<br \/>\nEn la medida en que el sitio web y la informaci\u00f3n y los servicios del sitio web se proporcionan de forma gratuita, no seremos responsables de ninguna p\u00e9rdida o da\u00f1o de cualquier naturaleza.  <\/p>\n","protected":false},"excerpt":{"rendered":"<p>Bienvenido a analyzer consulting Estos t\u00e9rminos y condiciones describen las [&hellip;]<\/p>\n","protected":false},"author":1,"featured_media":0,"parent":0,"menu_order":0,"comment_status":"closed","ping_status":"closed","template":"","meta":{"footnotes":""},"class_list":["post-7844","page","type-page","status-publish","hentry"],"_links":{"self":[{"href":"https:\/\/analyzerconsulting.com\/es\/wp-json\/wp\/v2\/pages\/7844","targetHints":{"allow":["GET"]}}],"collection":[{"href":"https:\/\/analyzerconsulting.com\/es\/wp-json\/wp\/v2\/pages"}],"about":[{"href":"https:\/\/analyzerconsulting.com\/es\/wp-json\/wp\/v2\/types\/page"}],"author":[{"embeddable":true,"href":"https:\/\/analyzerconsulting.com\/es\/wp-json\/wp\/v2\/users\/1"}],"replies":[{"embeddable":true,"href":"https:\/\/analyzerconsulting.com\/es\/wp-json\/wp\/v2\/comments?post=7844"}],"version-history":[{"count":0,"href":"https:\/\/analyzerconsulting.com\/es\/wp-json\/wp\/v2\/pages\/7844\/revisions"}],"wp:attachment":[{"href":"https:\/\/analyzerconsulting.com\/es\/wp-json\/wp\/v2\/media?parent=7844"}],"curies":[{"name":"wp","href":"https:\/\/api.w.org\/{rel}","templated":true}]}}