{"id":7848,"date":"2025-04-14T07:06:03","date_gmt":"2025-04-14T07:06:03","guid":{"rendered":"https:\/\/analyzerconsulting.com\/politica-de-privacidad\/"},"modified":"2025-04-14T07:06:03","modified_gmt":"2025-04-14T07:06:03","slug":"politica-de-privacidad","status":"publish","type":"page","link":"https:\/\/analyzerconsulting.com\/es\/politica-de-privacidad\/","title":{"rendered":"Pol\u00edtica de privacidad"},"content":{"rendered":"<p>Esta p\u00e1gina te informa de nuestras pol\u00edticas relativas a la recogida, uso y divulgaci\u00f3n de datos personales cuando utilizas nuestro Servicio y de las opciones que tienes asociadas a esos datos. Utilizamos tus datos para proporcionar y mejorar el Servicio. Al utilizar el Servicio, aceptas la recogida y uso de informaci\u00f3n de acuerdo con esta pol\u00edtica. A menos que se definan de otro modo en esta Pol\u00edtica de Privacidad, los t\u00e9rminos utilizados en esta Pol\u00edtica de Privacidad tienen el mismo significado que en nuestros T\u00e9rminos y Condiciones, accesibles en <a href=\"https:\/\/analyzerconsulting.com\/es\/\">http:\/\/analyzerconsulting.com<\/a> Recogida y uso de la informaci\u00f3n Recogemos varios tipos diferentes de informaci\u00f3n con diversos fines para proporcionarte y mejorar nuestro Servicio. Tipos de Datos Recogidos Datos Personales Al utilizar nuestro Servicio, podemos pedirte que nos proporciones cierta informaci\u00f3n de identificaci\u00f3n personal que puede ser utilizada para contactar contigo o identificarte La informaci\u00f3n de identificaci\u00f3n personal puede incluir, pero no est\u00e1 limitada a:    <\/p>\n<ul>\n<li>Direcci\u00f3n de correo electr\u00f3nico<\/li>\n<li>Nombre y apellidos<\/li>\n<li>N\u00famero de tel\u00e9fono<\/li>\n<li>Cookies y datos de uso<\/li>\n<\/ul>\n<p>Datos de Uso Tambi\u00e9n podemos recopilar informaci\u00f3n sobre c\u00f3mo se accede y se utiliza el Servicio (\u00abDatos de Uso\u00bb). Estos Datos de Uso pueden incluir informaci\u00f3n como la direcci\u00f3n de Protocolo de Internet de tu ordenador (por ejemplo, la direcci\u00f3n IP), el tipo de navegador, la versi\u00f3n del navegador, las p\u00e1ginas de nuestro Servicio que visitas, la hora y la fecha de tu visita, el tiempo que pasas en esas p\u00e1ginas, identificadores \u00fanicos de dispositivo y otros datos de diagn\u00f3stico. Datos de seguimiento y cookies Utilizamos cookies y tecnolog\u00edas de seguimiento similares para rastrear la actividad en nuestro Servicio y conservar cierta informaci\u00f3n. Las cookies son archivos con peque\u00f1as cantidades de datos que pueden incluir un identificador \u00fanico an\u00f3nimo. Las cookies se env\u00edan a tu navegador desde un sitio web y se almacenan en tu dispositivo. Las tecnolog\u00edas de rastreo que tambi\u00e9n se utilizan son balizas, etiquetas y scripts para recopilar y rastrear informaci\u00f3n y para mejorar y analizar nuestro Servicio. Puedes indicar a tu navegador que rechace todas las cookies o que indique cu\u00e1ndo se env\u00eda una cookie. Sin embargo, si no aceptas las cookies, es posible que no puedas utilizar algunas partes de nuestro Servicio. Ejemplos de Cookies que utilizamos:        <\/p>\n<ul>\n<li>Utilizamos <strong>Cookies<\/strong>de Sesi\u00f3n para operar nuestro Servicio.<\/li>\n<li>Cookies de preferencias<strong>:<\/strong>utilizamos cookies de preferencias para recordar tus preferencias y diversos ajustes.<\/li>\n<li>Utilizamos <strong>cookies<\/strong>de seguridad con fines de seguridad.<\/li>\n<\/ul>\n<p>Uso de los datos Aanalyzer Consulting utiliza los datos recogidos para diversos fines:<\/p>\n<ul>\n<li>Para prestar y mantener el Servicio<\/li>\n<li>Para notificarte cambios en nuestro Servicio<\/li>\n<li>Para permitirte participar en funciones interactivas de nuestro Servicio cuando elijas hacerlo<\/li>\n<li>Proporcionar atenci\u00f3n y apoyo al cliente<\/li>\n<li>Proporcionar an\u00e1lisis o informaci\u00f3n valiosa para que podamos mejorar el Servicio<\/li>\n<li>Para controlar el uso del Servicio<\/li>\n<li>Detectar, prevenir y resolver problemas t\u00e9cnicos<\/li>\n<\/ul>\n<p>Transferencia de datos Tu informaci\u00f3n, incluidos los Datos Personales, puede ser transferida a -y mantenida en- ordenadores situados fuera de tu estado, provincia, pa\u00eds u otra jurisdicci\u00f3n gubernamental donde las leyes de protecci\u00f3n de datos pueden diferir de las de tu jurisdicci\u00f3n. Si te encuentras fuera de Turqu\u00eda y decides proporcionarnos informaci\u00f3n, ten en cuenta que transferimos los datos, incluidos los Datos Personales, a Turqu\u00eda y los procesamos all\u00ed. Tu consentimiento a esta Pol\u00edtica de Privacidad seguido de tu env\u00edo de dicha informaci\u00f3n representa tu acuerdo con dicha transferencia. Aanalyzer Consulting tomar\u00e1 todas las medidas razonablemente necesarias para garantizar que tus datos sean tratados de forma segura y de acuerdo con esta Pol\u00edtica de Privacidad, y no se realizar\u00e1 ninguna transferencia de tus Datos Personales a una organizaci\u00f3n o pa\u00eds a menos que existan controles adecuados que incluyan la seguridad de tus datos y otra informaci\u00f3n personal. Revelaci\u00f3n de Datos Requisitos Legales Aanalyzer Consulting puede revelar tus Datos Personales en la creencia de buena fe de que dicha acci\u00f3n es necesaria para:    <\/p>\n<ul>\n<li>Para cumplir una obligaci\u00f3n legal<\/li>\n<li>Para proteger y defender los derechos o la propiedad de Aanalyzer Consulting<\/li>\n<li>Para prevenir o investigar posibles irregularidades en relaci\u00f3n con el Servicio<\/li>\n<li>Para proteger la seguridad personal de los usuarios del Servicio o del p\u00fablico<\/li>\n<li>Para protegerte de la responsabilidad legal<\/li>\n<\/ul>\n<p>Seguridad de los datos La seguridad de tus datos es importante para nosotros, pero recuerda que ning\u00fan m\u00e9todo de transmisi\u00f3n por Internet, o m\u00e9todo de almacenamiento electr\u00f3nico es 100% seguro. Aunque nos esforzamos por utilizar medios comercialmente aceptables para proteger tus Datos Personales, no podemos garantizar su seguridad absoluta. Proveedores de Servicios Podemos emplear a terceras empresas y personas para facilitar nuestro Servicio (\u00abProveedores de Servicios\u00bb), para prestar el Servicio en nuestro nombre, para realizar servicios relacionados con el Servicio o para ayudarnos a analizar c\u00f3mo se utiliza nuestro Servicio. Estos terceros s\u00f3lo tienen acceso a tus Datos Personales para realizar estas tareas en nuestro nombre y est\u00e1n obligados a no revelarlos ni utilizarlos para ning\u00fan otro fin. An\u00e1lisis Podemos utilizar Proveedores de Servicios externos para supervisar y analizar el uso de nuestro Servicio. Google <strong>Analytics<\/strong> Google Analytics es un servicio de an\u00e1lisis web ofrecido por Google que rastrea e informa sobre el tr\u00e1fico del sitio web. Google utiliza los datos recopilados para rastrear y supervisar el uso de nuestro Servicio. Estos datos se comparten con otros servicios de Google. Google puede utilizar los datos recogidos para contextualizar y personalizar los anuncios de su propia red publicitaria. Puedes optar por no poner tu actividad en el Servicio a disposici\u00f3n de Google Analytics instalando el complemento de inhabilitaci\u00f3n para navegadores de Google Analytics. El complemento impide que el JavaScript de Google Analytics (ga.js, analytics.js y dc.js) comparta informaci\u00f3n con Google Analytics sobre la actividad de las visitas. Para obtener m\u00e1s informaci\u00f3n sobre las pr\u00e1cticas de privacidad de Google, visita la p\u00e1gina web Privacidad y condiciones de Google: <u><a href=\"https:\/\/policies.google.com\/privacy?hl=en\" target=\"_blank\" rel=\"noopener\">https:\/\/policies.google.com\/privacy?hl=en<\/a><\/u> Enlaces a otros sitios Nuestro Servicio puede contener enlaces a otros sitios que no son operados por nosotros. Si haces clic en un enlace de terceros, ser\u00e1s dirigido al sitio de ese tercero. Te recomendamos encarecidamente que revises la Pol\u00edtica de Privacidad de cada sitio que visites. No tenemos ning\u00fan control ni asumimos ninguna responsabilidad por el contenido, las pol\u00edticas de privacidad o las pr\u00e1cticas de los sitios o servicios de terceros. Privacidad de los ni\u00f1os Nuestro Servicio no se dirige a menores de 18 a\u00f1os (\u00abNi\u00f1os\u00bb). No recopilamos conscientemente informaci\u00f3n personal identificable de ninguna persona menor de 18 a\u00f1os. Si eres padre o tutor y tienes conocimiento de que tus Hijos nos han proporcionado Datos Personales, ponte en contacto con nosotros. Si tenemos conocimiento de que hemos recogido Datos Personales de menores sin verificar el consentimiento paterno, tomaremos medidas para eliminar esa informaci\u00f3n de nuestros servidores. Cambios en esta Pol\u00edtica de Privacidad Podemos actualizar nuestra Pol\u00edtica de Privacidad de vez en cuando. Te notificaremos cualquier cambio publicando la nueva Pol\u00edtica de Privacidad en esta p\u00e1gina. Te lo haremos saber por correo electr\u00f3nico y\/o mediante un aviso destacado en nuestro Servicio, antes de que el cambio entre en vigor y actualizaremos la \u00abfecha de entrada en vigor\u00bb en la parte superior de esta Pol\u00edtica de Privacidad. Te aconsejamos que revises peri\u00f3dicamente esta Pol\u00edtica de Privacidad para comprobar si se ha producido alg\u00fan cambio. Los cambios en esta Pol\u00edtica de Privacidad entrar\u00e1n en vigor cuando se publiquen en esta p\u00e1gina. Ponte en contacto con nosotros Si tienes alguna pregunta sobre esta Pol\u00edtica de Privacidad, ponte en contacto con nosotros Por correo electr\u00f3nico: <a href=\"mailto:info@analyzerconsulting.com\">info@analyzerconsulting.com<\/a>                       <\/p>\n","protected":false},"excerpt":{"rendered":"<p>Esta p\u00e1gina te informa de nuestras pol\u00edticas relativas a la [&hellip;]<\/p>\n","protected":false},"author":1,"featured_media":0,"parent":0,"menu_order":0,"comment_status":"closed","ping_status":"closed","template":"","meta":{"footnotes":""},"class_list":["post-7848","page","type-page","status-publish","hentry"],"_links":{"self":[{"href":"https:\/\/analyzerconsulting.com\/es\/wp-json\/wp\/v2\/pages\/7848","targetHints":{"allow":["GET"]}}],"collection":[{"href":"https:\/\/analyzerconsulting.com\/es\/wp-json\/wp\/v2\/pages"}],"about":[{"href":"https:\/\/analyzerconsulting.com\/es\/wp-json\/wp\/v2\/types\/page"}],"author":[{"embeddable":true,"href":"https:\/\/analyzerconsulting.com\/es\/wp-json\/wp\/v2\/users\/1"}],"replies":[{"embeddable":true,"href":"https:\/\/analyzerconsulting.com\/es\/wp-json\/wp\/v2\/comments?post=7848"}],"version-history":[{"count":0,"href":"https:\/\/analyzerconsulting.com\/es\/wp-json\/wp\/v2\/pages\/7848\/revisions"}],"wp:attachment":[{"href":"https:\/\/analyzerconsulting.com\/es\/wp-json\/wp\/v2\/media?parent=7848"}],"curies":[{"name":"wp","href":"https:\/\/api.w.org\/{rel}","templated":true}]}}